{"id":44558,"date":"2024-03-16T02:16:57","date_gmt":"2024-03-16T02:16:57","guid":{"rendered":"https:\/\/aguahueyusca.cl\/?post_type=product&#038;p=44558"},"modified":"2026-03-02T19:48:55","modified_gmt":"2026-03-02T19:48:55","slug":"dispensador-electrico-de-pedestal-con-compresor","status":"publish","type":"product","link":"https:\/\/aguahueyusca.cl\/index.php\/product\/dispensador-electrico-de-pedestal-con-compresor\/","title":{"rendered":"DISPENSADOR EL\u00c9CTRICO DE PEDESTAL CON COMPRESOR (NO INCLUYE BOTELL\u00d3N)"},"content":{"rendered":"","protected":false},"excerpt":{"rendered":"<p>Elegante dispensador en color negro opeca, quedar\u00e1 incre\u00edble en su oficina u hogar. Tiene un pr\u00e1ctico compartimento en la parte inferior.<\/p>\n<p>Seguro para ni\u00f1os: Para obtener agua caliente deber\u00e1 presionar el bot\u00f3n y luego accionar la manilla.<\/p>\n<p>Eficiencia energ\u00e9tica: S\u00f3lo se activa cuando acciona la temperatura del agua en sus estanques bajan o suben en relaci\u00f3n a los m\u00ednimos o m\u00e1ximos indicados. Si s\u00f3lo necesita agua a temperatura ambiente debe apagar los interruptores en la parte posterior.<\/p>\n<p>Dispensador cuenta con Certificado SEC, seg\u00fan norma vigente.<\/p>\n<p>Caracter\u00edsticas T\u00e9cnicas:<\/p>\n<p>-Agua fr\u00eda: 5\u00b0 a 10\u00b0 C. aprox.<\/p>\n<p>-Agua caliente: 85\u00b0 a 95\u00b0 C. aprox.<\/p>\n<p>-Bot\u00f3n: on\/off.<\/p>\n<p>-Peso: 13,5 kg.<\/p>\n<p>-Dep\u00f3sitos: Acero Inoxidable.<\/p>\n<p>-Dimensiones: 31x31x93 cm.<\/p>\n<p>-Almacenaje agua fr\u00eda: 1500 cc.<\/p>\n<p>-Almacenaje agua caliente: 900 cc.<\/p>\n<p>-Sistema enfriador: Compresor.<\/p>\n<p>&nbsp;<\/p>\n","protected":false},"featured_media":44562,"comment_status":"open","ping_status":"closed","template":"","meta":{"_joinchat":[]},"product_cat":[149,172],"product_tag":[],"class_list":{"0":"post-44558","1":"product","2":"type-product","3":"status-publish","4":"has-post-thumbnail","6":"product_cat-dispensadores","7":"product_cat-dispensadores-electricos","9":"first","10":"outofstock","11":"shipping-taxable","12":"purchasable","13":"product-type-simple"},"_links":{"self":[{"href":"https:\/\/aguahueyusca.cl\/index.php\/wp-json\/wp\/v2\/product\/44558","targetHints":{"allow":["GET"]}}],"collection":[{"href":"https:\/\/aguahueyusca.cl\/index.php\/wp-json\/wp\/v2\/product"}],"about":[{"href":"https:\/\/aguahueyusca.cl\/index.php\/wp-json\/wp\/v2\/types\/product"}],"replies":[{"embeddable":true,"href":"https:\/\/aguahueyusca.cl\/index.php\/wp-json\/wp\/v2\/comments?post=44558"}],"wp:featuredmedia":[{"embeddable":true,"href":"https:\/\/aguahueyusca.cl\/index.php\/wp-json\/wp\/v2\/media\/44562"}],"wp:attachment":[{"href":"https:\/\/aguahueyusca.cl\/index.php\/wp-json\/wp\/v2\/media?parent=44558"}],"wp:term":[{"taxonomy":"product_cat","embeddable":true,"href":"https:\/\/aguahueyusca.cl\/index.php\/wp-json\/wp\/v2\/product_cat?post=44558"},{"taxonomy":"product_tag","embeddable":true,"href":"https:\/\/aguahueyusca.cl\/index.php\/wp-json\/wp\/v2\/product_tag?post=44558"}],"curies":[{"name":"wp","href":"https:\/\/api.w.org\/{rel}","templated":true}]}}