{"id":44449,"date":"2024-03-03T04:22:58","date_gmt":"2024-03-03T04:22:58","guid":{"rendered":"https:\/\/aguahueyusca.cl\/?post_type=product&#038;p=44449"},"modified":"2026-03-02T19:04:59","modified_gmt":"2026-03-02T19:04:59","slug":"bomba-dispensadora-usb-smart-blanco","status":"publish","type":"product","link":"https:\/\/aguahueyusca.cl\/index.php\/product\/bomba-dispensadora-usb-smart-blanco\/","title":{"rendered":"BOMBA SMART USB BLANCO"},"content":{"rendered":"","protected":false},"excerpt":{"rendered":"<p>Obtendr\u00e1s agua a temperatura ambiente, de manera simple, en segundos.<\/p>\n<p>Opci\u00f3n de llenado de 600 ml. con s\u00f3lo apretar un bot\u00f3n.<\/p>\n<p>No necesitas dar vuelta tu botell\u00f3n, f\u00e1cil de instalar\u00a0 y usar. No es necesario sacar la tapa de tu botell\u00f3n.<\/p>\n<p>Incluye: Bomba dispensador de agua, manguera de silicona y Cable de carga Micro USB (*Producto debe armarse)<\/p>\n<p>-Dimensiones: 6,5x14x14,5 cm.<\/p>\n<p>-Peso: 207 gr.<\/p>\n<p>-Color: Blanco con detalles plateados.<\/p>\n<p>-Material: Pl\u00e1stico ABS<\/p>\n<p>-Material Tubo: Silicona.<\/p>\n<p>-Voltaje: 5 v<\/p>\n<p>-Potencia: 4w<\/p>\n<p>-Bater\u00eda: Lithium 1200 mA<\/p>\n<p>-Tiempo de Recarga: 3 hrs. (aprox.)<\/p>\n<p>-Tipo: Manual<\/p>\n<p>-Flujo: Abundante y r\u00e1pido.<\/p>\n<p>-Garant\u00eda: 6 meses<\/p>\n<p>&nbsp;<\/p>\n","protected":false},"featured_media":44433,"comment_status":"open","ping_status":"closed","template":"","meta":{"_joinchat":[]},"product_cat":[148,171,149,170],"product_tag":[],"class_list":{"0":"post-44449","1":"product","2":"type-product","3":"status-publish","4":"has-post-thumbnail","6":"product_cat-bombas-dispensadoras","7":"product_cat-dispensador-manual","8":"product_cat-dispensadores","9":"product_cat-dispensadores-carga-usb","11":"first","12":"instock","13":"shipping-taxable","14":"purchasable","15":"product-type-simple"},"_links":{"self":[{"href":"https:\/\/aguahueyusca.cl\/index.php\/wp-json\/wp\/v2\/product\/44449","targetHints":{"allow":["GET"]}}],"collection":[{"href":"https:\/\/aguahueyusca.cl\/index.php\/wp-json\/wp\/v2\/product"}],"about":[{"href":"https:\/\/aguahueyusca.cl\/index.php\/wp-json\/wp\/v2\/types\/product"}],"replies":[{"embeddable":true,"href":"https:\/\/aguahueyusca.cl\/index.php\/wp-json\/wp\/v2\/comments?post=44449"}],"wp:featuredmedia":[{"embeddable":true,"href":"https:\/\/aguahueyusca.cl\/index.php\/wp-json\/wp\/v2\/media\/44433"}],"wp:attachment":[{"href":"https:\/\/aguahueyusca.cl\/index.php\/wp-json\/wp\/v2\/media?parent=44449"}],"wp:term":[{"taxonomy":"product_cat","embeddable":true,"href":"https:\/\/aguahueyusca.cl\/index.php\/wp-json\/wp\/v2\/product_cat?post=44449"},{"taxonomy":"product_tag","embeddable":true,"href":"https:\/\/aguahueyusca.cl\/index.php\/wp-json\/wp\/v2\/product_tag?post=44449"}],"curies":[{"name":"wp","href":"https:\/\/api.w.org\/{rel}","templated":true}]}}