{"id":44445,"date":"2024-03-03T02:46:20","date_gmt":"2024-03-03T02:46:20","guid":{"rendered":"https:\/\/aguahueyusca.cl\/?post_type=product&#038;p=44445"},"modified":"2026-03-02T18:49:21","modified_gmt":"2026-03-02T18:49:21","slug":"dispensador-agua-mascotas","status":"publish","type":"product","link":"https:\/\/aguahueyusca.cl\/index.php\/product\/dispensador-agua-mascotas\/","title":{"rendered":"DISPENSADOR DE AGUA MASCOTAS"},"content":{"rendered":"","protected":false},"excerpt":{"rendered":"<p>Mediante su sistema de alimentaci\u00f3n por gravedad repone autom\u00e1ticamente el suministro de agua de su mascota cuando \u00e9ste alcanza un nivel bajo.<\/p>\n<p>Fabricado con materiales de alta resistencia, es el aliado ideal para el cuidado de los regalones de la casa, ya que de esta manera se mantienen hidratados.<\/p>\n<p>-Dimensiones: 30x30x15 cm.<\/p>\n<p>-Material: Pl\u00e1stico.<\/p>\n<p>-Peso: 400 gr.<\/p>\n<p>-Capacidad: 3,5 l.<\/p>\n<p>-Tipo: Manual.<\/p>\n<p>-Colores: Rosado y Gris<\/p>\n","protected":false},"featured_media":44767,"comment_status":"open","ping_status":"closed","template":"","meta":{"_joinchat":[]},"product_cat":[171,149,167],"product_tag":[],"class_list":{"0":"post-44445","1":"product","2":"type-product","3":"status-publish","4":"has-post-thumbnail","6":"product_cat-dispensador-manual","7":"product_cat-dispensadores","8":"product_cat-dispensadores-mascotas","10":"first","11":"outofstock","12":"shipping-taxable","13":"purchasable","14":"product-type-simple"},"_links":{"self":[{"href":"https:\/\/aguahueyusca.cl\/index.php\/wp-json\/wp\/v2\/product\/44445","targetHints":{"allow":["GET"]}}],"collection":[{"href":"https:\/\/aguahueyusca.cl\/index.php\/wp-json\/wp\/v2\/product"}],"about":[{"href":"https:\/\/aguahueyusca.cl\/index.php\/wp-json\/wp\/v2\/types\/product"}],"replies":[{"embeddable":true,"href":"https:\/\/aguahueyusca.cl\/index.php\/wp-json\/wp\/v2\/comments?post=44445"}],"wp:featuredmedia":[{"embeddable":true,"href":"https:\/\/aguahueyusca.cl\/index.php\/wp-json\/wp\/v2\/media\/44767"}],"wp:attachment":[{"href":"https:\/\/aguahueyusca.cl\/index.php\/wp-json\/wp\/v2\/media?parent=44445"}],"wp:term":[{"taxonomy":"product_cat","embeddable":true,"href":"https:\/\/aguahueyusca.cl\/index.php\/wp-json\/wp\/v2\/product_cat?post=44445"},{"taxonomy":"product_tag","embeddable":true,"href":"https:\/\/aguahueyusca.cl\/index.php\/wp-json\/wp\/v2\/product_tag?post=44445"}],"curies":[{"name":"wp","href":"https:\/\/api.w.org\/{rel}","templated":true}]}}