{"id":44060,"date":"2023-09-04T18:13:59","date_gmt":"2023-09-04T18:13:59","guid":{"rendered":"https:\/\/aguahueyusca.cl\/?post_type=product&#038;p=44060"},"modified":"2026-03-10T01:28:26","modified_gmt":"2026-03-10T01:28:26","slug":"pack-5-oferta-lanzamiento-botellon-20-l-con-recarga-manilla-ergonomica-basica","status":"publish","type":"product","link":"https:\/\/aguahueyusca.cl\/index.php\/product\/pack-5-oferta-lanzamiento-botellon-20-l-con-recarga-manilla-ergonomica-basica\/","title":{"rendered":"PACK 5 &#8211; BOTELL\u00d3N ENVASE 20 L RETORNABLE+AGUA+ MANILLA ERGON\u00d3MICA B\u00c1SICA"},"content":{"rendered":"","protected":false},"excerpt":{"rendered":"<p><span style=\"font-weight: 400;\">*PRECIO HOGAR<\/span><\/p>\n<p><span style=\"font-weight: 400;\">-1 Botell\u00f3n Envase 20 l Retornable + Agua.<\/span><\/p>\n<p><span style=\"font-weight: 400;\">-1 Manilla Ergon\u00f3mica B\u00e1sica.<\/span><\/p>\n<p><span style=\"font-weight: 400;\">-Agua Filtrada de Vertiente.<\/span><\/p>\n<p><span style=\"font-weight: 400;\">-Doble sello de seguridad en la tapa.<\/span><\/p>\n<p><span style=\"font-weight: 400;\">-Material PET 1 (reciclable).<\/span><\/p>\n<p><span style=\"font-weight: 400;\">-Testeado y certificado en origen.<\/span><\/p>\n<p><span style=\"font-weight: 400;\">-Libre de BPA.<\/span><\/p>\n<p><span style=\"font-weight: 400;\">-Producido en Chile.<\/span><\/p>\n","protected":false},"featured_media":44061,"comment_status":"open","ping_status":"closed","template":"","meta":{"_joinchat":[]},"product_cat":[166],"product_tag":[],"class_list":{"0":"post-44060","1":"product","2":"type-product","3":"status-publish","4":"has-post-thumbnail","6":"product_cat-packs","8":"first","9":"instock","10":"shipping-taxable","11":"purchasable","12":"product-type-simple"},"_links":{"self":[{"href":"https:\/\/aguahueyusca.cl\/index.php\/wp-json\/wp\/v2\/product\/44060","targetHints":{"allow":["GET"]}}],"collection":[{"href":"https:\/\/aguahueyusca.cl\/index.php\/wp-json\/wp\/v2\/product"}],"about":[{"href":"https:\/\/aguahueyusca.cl\/index.php\/wp-json\/wp\/v2\/types\/product"}],"replies":[{"embeddable":true,"href":"https:\/\/aguahueyusca.cl\/index.php\/wp-json\/wp\/v2\/comments?post=44060"}],"wp:featuredmedia":[{"embeddable":true,"href":"https:\/\/aguahueyusca.cl\/index.php\/wp-json\/wp\/v2\/media\/44061"}],"wp:attachment":[{"href":"https:\/\/aguahueyusca.cl\/index.php\/wp-json\/wp\/v2\/media?parent=44060"}],"wp:term":[{"taxonomy":"product_cat","embeddable":true,"href":"https:\/\/aguahueyusca.cl\/index.php\/wp-json\/wp\/v2\/product_cat?post=44060"},{"taxonomy":"product_tag","embeddable":true,"href":"https:\/\/aguahueyusca.cl\/index.php\/wp-json\/wp\/v2\/product_tag?post=44060"}],"curies":[{"name":"wp","href":"https:\/\/api.w.org\/{rel}","templated":true}]}}