{"id":44033,"date":"2023-09-04T17:46:21","date_gmt":"2023-09-04T17:46:21","guid":{"rendered":"https:\/\/aguahueyusca.cl\/?post_type=product&#038;p=44033"},"modified":"2025-06-13T02:53:09","modified_gmt":"2025-06-13T02:53:09","slug":"bomba-manual-azul-blanco","status":"publish","type":"product","link":"https:\/\/aguahueyusca.cl\/index.php\/product\/bomba-manual-azul-blanco\/","title":{"rendered":"BOMBA MANUAL AZUL-BLANCO"},"content":{"rendered":"","protected":false},"excerpt":{"rendered":"<p><span style=\"font-weight: 400;\">*PRECIO HOGAR<\/span><\/p>\n<p><span style=\"font-weight: 400;\">-Alta Resistencia.<\/span><\/p>\n<p><span style=\"font-weight: 400;\">-Material: PET.<\/span><\/p>\n<p><span style=\"font-weight: 400;\">-Garant\u00eda: 6 meses.<\/span><\/p>\n<p><span style=\"font-weight: 400;\">-No se requiere retirar la tapa del botell\u00f3n, s\u00f3lo debes armar tu bomba dispensadora, introducir los tubos por el centro de \u00e9sta, fijarla con su sistema de atornillado antituerca y presionar la parte superior para succionar el agua.<\/span><\/p>\n","protected":false},"featured_media":44034,"comment_status":"open","ping_status":"closed","template":"","meta":{"_joinchat":[]},"product_cat":[148,171,149],"product_tag":[],"class_list":{"0":"post-44033","1":"product","2":"type-product","3":"status-publish","4":"has-post-thumbnail","6":"product_cat-bombas-dispensadoras","7":"product_cat-dispensador-manual","8":"product_cat-dispensadores","10":"first","11":"instock","12":"shipping-taxable","13":"purchasable","14":"product-type-simple"},"_links":{"self":[{"href":"https:\/\/aguahueyusca.cl\/index.php\/wp-json\/wp\/v2\/product\/44033","targetHints":{"allow":["GET"]}}],"collection":[{"href":"https:\/\/aguahueyusca.cl\/index.php\/wp-json\/wp\/v2\/product"}],"about":[{"href":"https:\/\/aguahueyusca.cl\/index.php\/wp-json\/wp\/v2\/types\/product"}],"replies":[{"embeddable":true,"href":"https:\/\/aguahueyusca.cl\/index.php\/wp-json\/wp\/v2\/comments?post=44033"}],"wp:featuredmedia":[{"embeddable":true,"href":"https:\/\/aguahueyusca.cl\/index.php\/wp-json\/wp\/v2\/media\/44034"}],"wp:attachment":[{"href":"https:\/\/aguahueyusca.cl\/index.php\/wp-json\/wp\/v2\/media?parent=44033"}],"wp:term":[{"taxonomy":"product_cat","embeddable":true,"href":"https:\/\/aguahueyusca.cl\/index.php\/wp-json\/wp\/v2\/product_cat?post=44033"},{"taxonomy":"product_tag","embeddable":true,"href":"https:\/\/aguahueyusca.cl\/index.php\/wp-json\/wp\/v2\/product_tag?post=44033"}],"curies":[{"name":"wp","href":"https:\/\/api.w.org\/{rel}","templated":true}]}}