{"id":43917,"date":"2023-01-27T02:16:46","date_gmt":"2023-01-27T02:16:46","guid":{"rendered":"https:\/\/aguahueyusca.cl\/?post_type=product&#038;p=43917"},"modified":"2026-03-02T19:26:44","modified_gmt":"2026-03-02T19:26:44","slug":"agua-embotellada-5-lt","status":"publish","type":"product","link":"https:\/\/aguahueyusca.cl\/index.php\/product\/agua-embotellada-5-lt\/","title":{"rendered":"PACK AGUA 5 L. 2 UN."},"content":{"rendered":"<p>Nuestra agua proviene desde la cima de la Cordillera de La Costa de la localidad de Hueyusca, comuna de Purranque. Inmersa en bosque nativo, la vertiente est\u00e1 rodeada de \u00e1rboles centenarios y s\u00f3lo transitan por el lugar los animales que la habitan, como pumas, zorros y diversas aves. Algunas de las propiedades de nuestra agua de vertiente son:<\/p>\n<ul>\n<li>Puede contener minerales y electrolitos naturales, como calcio y magnesio, que son beneficiosos para la salud.<\/li>\n<li>Es libre de contaminaci\u00f3n y microorganismos debido al proceso de filtrado y envasado desde la fuente de origen.<\/li>\n<li>Destaca un sabor fresco y con toque dulce en boca debido al bajo nivel de sodio desde la fuente natural de la que proviene.<\/li>\n<li>Es la mejor opci\u00f3n para reemplazar las bebidas azucaradas.<\/li>\n<\/ul>\n","protected":false},"excerpt":{"rendered":"<p><span style=\"font-weight: 400;\">*PRECIO HOGAR, CONSULTAR POR PRECIOS NEGOCIO<\/span><\/p>\n<ul>\n<li>Hacemos despacho de packs de botellas, previo pago online del producto en www.aguahueyusca.cl. El gasto de despacho debe ser pagado por el comprador. En nuestra comuna contamos con servicios de courier de las siguientes empresas: Varmontt, Starken, Correos de Chile y Chilexpress.<\/li>\n<li>No nos hacemos responsables por da\u00f1os causados en el proceso del despacho por parte de las empresas de courier.<\/li>\n<\/ul>\n","protected":false},"featured_media":44047,"comment_status":"open","ping_status":"closed","template":"","meta":{"_joinchat":[]},"product_cat":[147,166],"product_tag":[],"class_list":{"0":"post-43917","1":"product","2":"type-product","3":"status-publish","4":"has-post-thumbnail","6":"product_cat-agua","7":"product_cat-packs","9":"first","10":"instock","11":"shipping-taxable","12":"purchasable","13":"product-type-simple"},"_links":{"self":[{"href":"https:\/\/aguahueyusca.cl\/index.php\/wp-json\/wp\/v2\/product\/43917","targetHints":{"allow":["GET"]}}],"collection":[{"href":"https:\/\/aguahueyusca.cl\/index.php\/wp-json\/wp\/v2\/product"}],"about":[{"href":"https:\/\/aguahueyusca.cl\/index.php\/wp-json\/wp\/v2\/types\/product"}],"replies":[{"embeddable":true,"href":"https:\/\/aguahueyusca.cl\/index.php\/wp-json\/wp\/v2\/comments?post=43917"}],"wp:featuredmedia":[{"embeddable":true,"href":"https:\/\/aguahueyusca.cl\/index.php\/wp-json\/wp\/v2\/media\/44047"}],"wp:attachment":[{"href":"https:\/\/aguahueyusca.cl\/index.php\/wp-json\/wp\/v2\/media?parent=43917"}],"wp:term":[{"taxonomy":"product_cat","embeddable":true,"href":"https:\/\/aguahueyusca.cl\/index.php\/wp-json\/wp\/v2\/product_cat?post=43917"},{"taxonomy":"product_tag","embeddable":true,"href":"https:\/\/aguahueyusca.cl\/index.php\/wp-json\/wp\/v2\/product_tag?post=43917"}],"curies":[{"name":"wp","href":"https:\/\/api.w.org\/{rel}","templated":true}]}}