{"id":44221,"date":"2023-11-03T14:27:42","date_gmt":"2023-11-03T14:27:42","guid":{"rendered":"https:\/\/aguahueyusca.cl\/?page_id=44221"},"modified":"2025-09-02T03:08:35","modified_gmt":"2025-09-02T03:08:35","slug":"empresas","status":"publish","type":"page","link":"https:\/\/aguahueyusca.cl\/index.php\/empresas\/","title":{"rendered":"Empresas"},"content":{"rendered":"\t\t<div data-elementor-type=\"wp-page\" data-elementor-id=\"44221\" class=\"elementor elementor-44221\" data-elementor-settings=\"[]\">\n\t\t\t\t\t\t\t<div class=\"elementor-section-wrap\">\n\t\t\t\t\t\t\t<section class=\"elementor-section elementor-top-section elementor-element elementor-element-4dceb54 elementor-section-boxed elementor-section-height-default elementor-section-height-default\" data-id=\"4dceb54\" data-element_type=\"section\">\n\t\t\t\t\t\t<div class=\"elementor-container elementor-column-gap-default\">\n\t\t\t\t\t<div class=\"elementor-column elementor-col-100 elementor-top-column elementor-element elementor-element-49770ca\" data-id=\"49770ca\" data-element_type=\"column\">\n\t\t\t<div class=\"elementor-widget-wrap elementor-element-populated\">\n\t\t\t\t\t\t\t\t<div class=\"elementor-element elementor-element-f055db5 elementor-widget elementor-widget-heading\" data-id=\"f055db5\" data-element_type=\"widget\" data-widget_type=\"heading.default\">\n\t\t\t\t<div class=\"elementor-widget-container\">\n\t\t\t<h3 class=\"elementor-heading-title elementor-size-xl\"><br>PLANES<br><\/h3>\t\t<\/div>\n\t\t\t\t<\/div>\n\t\t\t\t\t<\/div>\n\t\t<\/div>\n\t\t\t\t\t\t\t<\/div>\n\t\t<\/section>\n\t\t\t\t<section class=\"elementor-section elementor-top-section elementor-element elementor-element-55a5f64 elementor-section-boxed elementor-section-height-default elementor-section-height-default\" data-id=\"55a5f64\" data-element_type=\"section\">\n\t\t\t\t\t\t<div class=\"elementor-container elementor-column-gap-default\">\n\t\t\t\t\t<div class=\"elementor-column elementor-col-100 elementor-top-column elementor-element elementor-element-08746d8\" data-id=\"08746d8\" data-element_type=\"column\">\n\t\t\t<div class=\"elementor-widget-wrap elementor-element-populated\">\n\t\t\t\t\t\t\t\t<div class=\"elementor-element elementor-element-25c50af elementor-widget elementor-widget-text-editor\" data-id=\"25c50af\" data-element_type=\"widget\" data-widget_type=\"text-editor.default\">\n\t\t\t\t<div class=\"elementor-widget-container\">\n\t\t\t\t\t\t\t<p>Este servicio de arriendo incluye equipos, botellones retornables y los accesorios necesarios para disfrutar de un agua natural de calidad premium.\u00a0<\/p><p>Contamos con diferentes alternativas de planes a su disposici\u00f3n. Adapt\u00e1ndonos a las necesidades de instituciones, empresas, centros m\u00e9dicos, oficinas e industrias.<\/p><p>Tambi\u00e9n pensamos en alternativas para restaurantes, cafeter\u00edas y foodtrucks, as\u00ed sus clientes disfrutar\u00e1n a\u00fan m\u00e1s de sus preparaciones, tales como: Jugo, caf\u00e9, t\u00e9 e infusiones, con esto eliminar sabores como exceso de cloro.\u00a0<\/p><p>Consulte por un plan a su medida, estaremos felices de atenderlos.<\/p>\t\t\t\t\t\t<\/div>\n\t\t\t\t<\/div>\n\t\t\t\t\t<\/div>\n\t\t<\/div>\n\t\t\t\t\t\t\t<\/div>\n\t\t<\/section>\n\t\t\t\t<section class=\"elementor-section elementor-top-section elementor-element elementor-element-f23840a elementor-section-boxed elementor-section-height-default elementor-section-height-default\" data-id=\"f23840a\" data-element_type=\"section\">\n\t\t\t\t\t\t<div class=\"elementor-container elementor-column-gap-default\">\n\t\t\t\t\t<div class=\"elementor-column elementor-col-33 elementor-top-column elementor-element elementor-element-49b7fac\" data-id=\"49b7fac\" data-element_type=\"column\">\n\t\t\t<div class=\"elementor-widget-wrap elementor-element-populated\">\n\t\t\t\t\t\t\t\t<div class=\"elementor-element elementor-element-4464c71 elementor-widget elementor-widget-image\" data-id=\"4464c71\" data-element_type=\"widget\" data-widget_type=\"image.default\">\n\t\t\t\t<div class=\"elementor-widget-container\">\n\t\t\t\t\t\t\t\t\t\t\t\t\t\t\t\t<a href=\"https:\/\/aguahueyusca.cl\/index.php\/contacto\/\">\n\t\t\t\t\t\t\t<img loading=\"lazy\" decoding=\"async\" width=\"576\" height=\"1024\" src=\"https:\/\/aguahueyusca.cl\/wp-content\/uploads\/2021\/02\/PLANES-EMPRESA-HISTORIAS-O-REELS-576x1024.png\" class=\"attachment-large size-large\" alt=\"\" srcset=\"https:\/\/aguahueyusca.cl\/wp-content\/uploads\/2021\/02\/PLANES-EMPRESA-HISTORIAS-O-REELS-576x1024.png 576w, https:\/\/aguahueyusca.cl\/wp-content\/uploads\/2021\/02\/PLANES-EMPRESA-HISTORIAS-O-REELS-169x300.png 169w, https:\/\/aguahueyusca.cl\/wp-content\/uploads\/2021\/02\/PLANES-EMPRESA-HISTORIAS-O-REELS-768x1365.png 768w, https:\/\/aguahueyusca.cl\/wp-content\/uploads\/2021\/02\/PLANES-EMPRESA-HISTORIAS-O-REELS-864x1536.png 864w, https:\/\/aguahueyusca.cl\/wp-content\/uploads\/2021\/02\/PLANES-EMPRESA-HISTORIAS-O-REELS-600x1067.png 600w, https:\/\/aguahueyusca.cl\/wp-content\/uploads\/2021\/02\/PLANES-EMPRESA-HISTORIAS-O-REELS.png 1080w\" sizes=\"auto, (max-width: 576px) 100vw, 576px\" \/>\t\t\t\t\t\t\t\t<\/a>\n\t\t\t\t\t\t\t\t\t\t\t\t\t\t\t<\/div>\n\t\t\t\t<\/div>\n\t\t\t\t\t<\/div>\n\t\t<\/div>\n\t\t\t\t<div class=\"elementor-column elementor-col-33 elementor-top-column elementor-element elementor-element-92b5665\" data-id=\"92b5665\" data-element_type=\"column\">\n\t\t\t<div class=\"elementor-widget-wrap elementor-element-populated\">\n\t\t\t\t\t\t\t\t<div class=\"elementor-element elementor-element-ade207d elementor-widget elementor-widget-image\" data-id=\"ade207d\" data-element_type=\"widget\" data-widget_type=\"image.default\">\n\t\t\t\t<div class=\"elementor-widget-container\">\n\t\t\t\t\t\t\t\t\t\t\t\t\t\t\t\t<a href=\"https:\/\/aguahueyusca.cl\/index.php\/contacto\/\">\n\t\t\t\t\t\t\t<img loading=\"lazy\" decoding=\"async\" width=\"576\" height=\"1024\" src=\"https:\/\/aguahueyusca.cl\/wp-content\/uploads\/2025\/01\/PLANES-EMPRESA-HISTORIAS-O-REELS-8-576x1024.png\" class=\"attachment-large size-large\" alt=\"\" srcset=\"https:\/\/aguahueyusca.cl\/wp-content\/uploads\/2025\/01\/PLANES-EMPRESA-HISTORIAS-O-REELS-8-576x1024.png 576w, https:\/\/aguahueyusca.cl\/wp-content\/uploads\/2025\/01\/PLANES-EMPRESA-HISTORIAS-O-REELS-8-169x300.png 169w, https:\/\/aguahueyusca.cl\/wp-content\/uploads\/2025\/01\/PLANES-EMPRESA-HISTORIAS-O-REELS-8-768x1365.png 768w, https:\/\/aguahueyusca.cl\/wp-content\/uploads\/2025\/01\/PLANES-EMPRESA-HISTORIAS-O-REELS-8-864x1536.png 864w, https:\/\/aguahueyusca.cl\/wp-content\/uploads\/2025\/01\/PLANES-EMPRESA-HISTORIAS-O-REELS-8-600x1067.png 600w, https:\/\/aguahueyusca.cl\/wp-content\/uploads\/2025\/01\/PLANES-EMPRESA-HISTORIAS-O-REELS-8.png 1080w\" sizes=\"auto, (max-width: 576px) 100vw, 576px\" \/>\t\t\t\t\t\t\t\t<\/a>\n\t\t\t\t\t\t\t\t\t\t\t\t\t\t\t<\/div>\n\t\t\t\t<\/div>\n\t\t\t\t\t<\/div>\n\t\t<\/div>\n\t\t\t\t<div class=\"elementor-column elementor-col-33 elementor-top-column elementor-element elementor-element-ea74966\" data-id=\"ea74966\" data-element_type=\"column\">\n\t\t\t<div class=\"elementor-widget-wrap elementor-element-populated\">\n\t\t\t\t\t\t\t\t<div class=\"elementor-element elementor-element-afb4a3c elementor-widget elementor-widget-image\" data-id=\"afb4a3c\" data-element_type=\"widget\" data-widget_type=\"image.default\">\n\t\t\t\t<div class=\"elementor-widget-container\">\n\t\t\t\t\t\t\t\t\t\t\t\t\t\t\t\t<a href=\"https:\/\/aguahueyusca.cl\/index.php\/contacto\/\">\n\t\t\t\t\t\t\t<img loading=\"lazy\" decoding=\"async\" width=\"576\" height=\"1024\" src=\"https:\/\/aguahueyusca.cl\/wp-content\/uploads\/2025\/01\/PLANES-EMPRESA-HISTORIAS-O-REELS-7-576x1024.png\" class=\"attachment-large size-large\" alt=\"\" srcset=\"https:\/\/aguahueyusca.cl\/wp-content\/uploads\/2025\/01\/PLANES-EMPRESA-HISTORIAS-O-REELS-7-576x1024.png 576w, https:\/\/aguahueyusca.cl\/wp-content\/uploads\/2025\/01\/PLANES-EMPRESA-HISTORIAS-O-REELS-7-169x300.png 169w, https:\/\/aguahueyusca.cl\/wp-content\/uploads\/2025\/01\/PLANES-EMPRESA-HISTORIAS-O-REELS-7-768x1365.png 768w, https:\/\/aguahueyusca.cl\/wp-content\/uploads\/2025\/01\/PLANES-EMPRESA-HISTORIAS-O-REELS-7-864x1536.png 864w, https:\/\/aguahueyusca.cl\/wp-content\/uploads\/2025\/01\/PLANES-EMPRESA-HISTORIAS-O-REELS-7-600x1067.png 600w, https:\/\/aguahueyusca.cl\/wp-content\/uploads\/2025\/01\/PLANES-EMPRESA-HISTORIAS-O-REELS-7.png 1080w\" sizes=\"auto, (max-width: 576px) 100vw, 576px\" \/>\t\t\t\t\t\t\t\t<\/a>\n\t\t\t\t\t\t\t\t\t\t\t\t\t\t\t<\/div>\n\t\t\t\t<\/div>\n\t\t\t\t\t<\/div>\n\t\t<\/div>\n\t\t\t\t\t\t\t<\/div>\n\t\t<\/section>\n\t\t\t\t\t\t<\/div>\n\t\t\t\t\t<\/div>\n\t\t","protected":false},"excerpt":{"rendered":"<p>PLANES Este servicio de arriendo incluye equipos, botellones retornables y los accesorios necesarios para disfrutar de un agua natural de calidad premium.\u00a0 Contamos con diferentes alternativas de planes a su disposici\u00f3n. Adapt\u00e1ndonos a las necesidades de instituciones, empresas, centros m\u00e9dicos, oficinas e industrias. Tambi\u00e9n pensamos en alternativas para restaurantes, cafeter\u00edas y foodtrucks, as\u00ed sus clientes [&hellip;]<\/p>\n","protected":false},"author":3,"featured_media":0,"parent":0,"menu_order":0,"comment_status":"closed","ping_status":"closed","template":"","meta":{"_joinchat":[],"footnotes":""},"class_list":["post-44221","page","type-page","status-publish","hentry"],"_links":{"self":[{"href":"https:\/\/aguahueyusca.cl\/index.php\/wp-json\/wp\/v2\/pages\/44221","targetHints":{"allow":["GET"]}}],"collection":[{"href":"https:\/\/aguahueyusca.cl\/index.php\/wp-json\/wp\/v2\/pages"}],"about":[{"href":"https:\/\/aguahueyusca.cl\/index.php\/wp-json\/wp\/v2\/types\/page"}],"author":[{"embeddable":true,"href":"https:\/\/aguahueyusca.cl\/index.php\/wp-json\/wp\/v2\/users\/3"}],"replies":[{"embeddable":true,"href":"https:\/\/aguahueyusca.cl\/index.php\/wp-json\/wp\/v2\/comments?post=44221"}],"version-history":[{"count":103,"href":"https:\/\/aguahueyusca.cl\/index.php\/wp-json\/wp\/v2\/pages\/44221\/revisions"}],"predecessor-version":[{"id":45611,"href":"https:\/\/aguahueyusca.cl\/index.php\/wp-json\/wp\/v2\/pages\/44221\/revisions\/45611"}],"wp:attachment":[{"href":"https:\/\/aguahueyusca.cl\/index.php\/wp-json\/wp\/v2\/media?parent=44221"}],"curies":[{"name":"wp","href":"https:\/\/api.w.org\/{rel}","templated":true}]}}